{"id":270006,"date":"2025-06-05T13:14:33","date_gmt":"2025-06-05T16:14:33","guid":{"rendered":"https:\/\/www.gaveanews.com\/?page_id=270006"},"modified":"2025-06-09T22:20:55","modified_gmt":"2025-06-10T01:20:55","slug":"sobre-nos-quem-somos","status":"publish","type":"page","link":"https:\/\/www.gaveanews.com\/index.php\/sobre-nos-quem-somos\/","title":{"rendered":"Sobre n\u00f3s &#8211; quem somos"},"content":{"rendered":"\n<h2 class=\"wp-block-heading\" id=\"h-historia-e-trajetoria\">Hist\u00f3ria e Trajet\u00f3ria<\/h2>\n\n\n\n<p>Em 2018, Hugo Nogueira fundou o portal G\u00e1vea News (32.141.124\/0001-83). Totalmente digital, desde a sua cria\u00e7\u00e3o, o site surgiu com foco em entregar aos leitores uma cobertura din\u00e2mica e confi\u00e1vel dos principais temas que movem o interesse do p\u00fablico nacional: futebol, celebridades e carros.<\/p>\n\n\n\n<p>Ao longo dos anos, a G\u00e1vea News conquistou um espa\u00e7o s\u00f3lido no cen\u00e1rio digital brasileiro, consolidando sua reputa\u00e7\u00e3o como um ve\u00edculo vers\u00e1til e atento ao que realmente importa para os seus leitores. Com atualiza\u00e7\u00f5es em tempo real e uma linguagem pr\u00f3xima do p\u00fablico, nos tornamos uma refer\u00eancia na produ\u00e7\u00e3o de conte\u00fado de f\u00e1cil acesso, direto e relevante.<\/p>\n\n\n\n<h2 class=\"wp-block-heading\" id=\"h-equipe-e-estrutura\">Equipe e Estrutura<\/h2>\n\n\n\n<p>Nos bastidores da G\u00e1vea News, h\u00e1 uma equipe dedicada de cerca de 20 profissionais, incluindo 14 jornalistas, 2 editores-chefes, 1 social media, 1 gerente comercial, 1 gerente de infraestrutura e 1 especialista em SEO. Essa estrutura nos permite manter uma opera\u00e7\u00e3o \u00e1gil, alinhada \u00e0s melhores pr\u00e1ticas editoriais e tecnol\u00f3gicas, garantindo qualidade e rapidez na entrega das not\u00edcias.<\/p>\n\n\n\n<h2 class=\"wp-block-heading\" id=\"h-missao\">Miss\u00e3o<\/h2>\n\n\n\n<p>Levar informa\u00e7\u00f5es em tempo real com o m\u00e1ximo de credibilidade, oferecendo conte\u00fado relevante e confi\u00e1vel para o p\u00fablico brasileiro, com agilidade, \u00e9tica e compromisso com a verdade.<\/p>\n\n\n\n<h2 class=\"wp-block-heading\" id=\"h-visao\">Vis\u00e3o<\/h2>\n\n\n\n<p>Ser reconhecida como uma das principais fontes de informa\u00e7\u00e3o do Brasil nas \u00e1reas de futebol, celebridades e autom\u00f3veis, destacando-se pela agilidade, confiabilidade e pela conex\u00e3o genu\u00edna com os interesses do p\u00fablico brasileiro.<\/p>\n\n\n\n<h2 class=\"wp-block-heading\" id=\"h-contato\">Contato<\/h2>\n\n\n\n<p>Deseja falar conosco? Utilize o seguinte e-mail: contato@gaveanews.com<\/p>\n\n\n\n<h2 class=\"wp-block-heading\" id=\"h-diretores\">Diretores<\/h2>\n\n\n\n<ul class=\"wp-block-list\">\n<li>Diretor de conte\u00fado \u2014 Henrique Machado \u2014 redacao@gaveanews.com<\/li>\n\n\n\n<li>Diretora comercial \u2014 Daniela Almeida \u2014 comercial@gaveanews.com<\/li>\n\n\n\n<li>Diretor geral \u2014 Hugo Nogueira \u2014 contato@gaveanews.com<\/li>\n<\/ul>\n\n\n\n<h2 class=\"wp-block-heading\">Pol\u00edticas de privacidade<\/h2>\n\n\n\n<p>Como parte de seu modelo de neg\u00f3cios voltado \u00e0 atividade jornal\u00edstica, o G\u00e1vea News adota pr\u00e1ticas rigorosas para garantir a privacidade e a seguran\u00e7a dos usu\u00e1rios. Se desejar conhecer os detalhes, voc\u00ea pode acessar nossa <a href=\"https:\/\/www.gaveanews.com\/index.php\/politica-de-privacidade\/\">pol\u00edtica de privacidade<\/a>.<\/p>\n","protected":false},"excerpt":{"rendered":"<p>Hist\u00f3ria e Trajet\u00f3ria Em 2018, Hugo Nogueira fundou o portal G\u00e1vea News (32.141.124\/0001-83). Totalmente digital, desde a sua cria\u00e7\u00e3o, o site surgiu com foco em entregar aos leitores uma cobertura din\u00e2mica e confi\u00e1vel dos principais temas que movem o interesse do p\u00fablico nacional: futebol, celebridades e carros. Ao longo dos anos, a G\u00e1vea News conquistou [&hellip;]<\/p>\n","protected":false},"author":1,"featured_media":0,"parent":0,"menu_order":0,"comment_status":"closed","ping_status":"closed","template":"","meta":{"footnotes":""},"class_list":["post-270006","page","type-page","status-publish","hentry"],"yoast_head":"<!-- This site is optimized with the Yoast SEO Premium plugin v24.2 (Yoast SEO v26.9) - https:\/\/yoast.com\/product\/yoast-seo-premium-wordpress\/ -->\n<title>Sobre n\u00f3s - quem somos - G\u00e1vea News<\/title>\n<meta name=\"robots\" content=\"index, follow, max-snippet:-1, max-image-preview:large, max-video-preview:-1\" \/>\n<link rel=\"canonical\" href=\"https:\/\/www.gaveanews.com\/index.php\/sobre-nos-quem-somos\/\" \/>\n<meta property=\"og:locale\" content=\"pt_BR\" \/>\n<meta property=\"og:type\" content=\"article\" \/>\n<meta property=\"og:title\" content=\"Sobre n\u00f3s - quem somos\" \/>\n<meta property=\"og:description\" content=\"Hist\u00f3ria e Trajet\u00f3ria Em 2018, Hugo Nogueira fundou o portal G\u00e1vea News (32.141.124\/0001-83). Totalmente digital, desde a sua cria\u00e7\u00e3o, o site surgiu com foco em entregar aos leitores uma cobertura din\u00e2mica e confi\u00e1vel dos principais temas que movem o interesse do p\u00fablico nacional: futebol, celebridades e carros. Ao longo dos anos, a G\u00e1vea News conquistou [&hellip;]\" \/>\n<meta property=\"og:url\" content=\"https:\/\/www.gaveanews.com\/index.php\/sobre-nos-quem-somos\/\" \/>\n<meta property=\"og:site_name\" content=\"G\u00e1vea News\" \/>\n<meta property=\"article:publisher\" content=\"https:\/\/facebook.com\/gaveaNews\/\" \/>\n<meta property=\"article:modified_time\" content=\"2025-06-10T01:20:55+00:00\" \/>\n<meta name=\"twitter:card\" content=\"summary_large_image\" \/>\n<meta name=\"twitter:label1\" content=\"Est. tempo de leitura\" \/>\n\t<meta name=\"twitter:data1\" content=\"2 minutos\" \/>\n<script type=\"application\/ld+json\" class=\"yoast-schema-graph\">{\"@context\":\"https:\/\/schema.org\",\"@graph\":[{\"@type\":\"WebPage\",\"@id\":\"https:\/\/www.gaveanews.com\/index.php\/sobre-nos-quem-somos\/\",\"url\":\"https:\/\/www.gaveanews.com\/index.php\/sobre-nos-quem-somos\/\",\"name\":\"Sobre n\u00f3s - quem somos - G\u00e1vea News\",\"isPartOf\":{\"@id\":\"https:\/\/www.gaveanews.com\/#website\"},\"datePublished\":\"2025-06-05T16:14:33+00:00\",\"dateModified\":\"2025-06-10T01:20:55+00:00\",\"breadcrumb\":{\"@id\":\"https:\/\/www.gaveanews.com\/index.php\/sobre-nos-quem-somos\/#breadcrumb\"},\"inLanguage\":\"pt-BR\",\"potentialAction\":[{\"@type\":\"ReadAction\",\"target\":[\"https:\/\/www.gaveanews.com\/index.php\/sobre-nos-quem-somos\/\"]}]},{\"@type\":\"BreadcrumbList\",\"@id\":\"https:\/\/www.gaveanews.com\/index.php\/sobre-nos-quem-somos\/#breadcrumb\",\"itemListElement\":[{\"@type\":\"ListItem\",\"position\":1,\"name\":\"Home\",\"item\":\"https:\/\/www.gaveanews.com\/\"},{\"@type\":\"ListItem\",\"position\":2,\"name\":\"Sobre n\u00f3s &#8211; quem somos\"}]},{\"@type\":\"WebSite\",\"@id\":\"https:\/\/www.gaveanews.com\/#website\",\"url\":\"https:\/\/www.gaveanews.com\/\",\"name\":\"G\u00e1vea News\",\"description\":\"Veja todas as not\u00edcias sobre o Flamengo: Contrata\u00e7\u00f5es, categorias de base, resultados das partidas, tabela de classifica\u00e7\u00e3o, pr\u00f3ximos jogos!\",\"potentialAction\":[{\"@type\":\"SearchAction\",\"target\":{\"@type\":\"EntryPoint\",\"urlTemplate\":\"https:\/\/www.gaveanews.com\/?s={search_term_string}\"},\"query-input\":{\"@type\":\"PropertyValueSpecification\",\"valueRequired\":true,\"valueName\":\"search_term_string\"}}],\"inLanguage\":\"pt-BR\"}]}<\/script>\n<!-- \/ Yoast SEO Premium plugin. -->","yoast_head_json":{"title":"Sobre n\u00f3s - quem somos - G\u00e1vea News","robots":{"index":"index","follow":"follow","max-snippet":"max-snippet:-1","max-image-preview":"max-image-preview:large","max-video-preview":"max-video-preview:-1"},"canonical":"https:\/\/www.gaveanews.com\/index.php\/sobre-nos-quem-somos\/","og_locale":"pt_BR","og_type":"article","og_title":"Sobre n\u00f3s - quem somos","og_description":"Hist\u00f3ria e Trajet\u00f3ria Em 2018, Hugo Nogueira fundou o portal G\u00e1vea News (32.141.124\/0001-83). Totalmente digital, desde a sua cria\u00e7\u00e3o, o site surgiu com foco em entregar aos leitores uma cobertura din\u00e2mica e confi\u00e1vel dos principais temas que movem o interesse do p\u00fablico nacional: futebol, celebridades e carros. Ao longo dos anos, a G\u00e1vea News conquistou [&hellip;]","og_url":"https:\/\/www.gaveanews.com\/index.php\/sobre-nos-quem-somos\/","og_site_name":"G\u00e1vea News","article_publisher":"https:\/\/facebook.com\/gaveaNews\/","article_modified_time":"2025-06-10T01:20:55+00:00","twitter_card":"summary_large_image","twitter_misc":{"Est. tempo de leitura":"2 minutos"},"schema":{"@context":"https:\/\/schema.org","@graph":[{"@type":"WebPage","@id":"https:\/\/www.gaveanews.com\/index.php\/sobre-nos-quem-somos\/","url":"https:\/\/www.gaveanews.com\/index.php\/sobre-nos-quem-somos\/","name":"Sobre n\u00f3s - quem somos - G\u00e1vea News","isPartOf":{"@id":"https:\/\/www.gaveanews.com\/#website"},"datePublished":"2025-06-05T16:14:33+00:00","dateModified":"2025-06-10T01:20:55+00:00","breadcrumb":{"@id":"https:\/\/www.gaveanews.com\/index.php\/sobre-nos-quem-somos\/#breadcrumb"},"inLanguage":"pt-BR","potentialAction":[{"@type":"ReadAction","target":["https:\/\/www.gaveanews.com\/index.php\/sobre-nos-quem-somos\/"]}]},{"@type":"BreadcrumbList","@id":"https:\/\/www.gaveanews.com\/index.php\/sobre-nos-quem-somos\/#breadcrumb","itemListElement":[{"@type":"ListItem","position":1,"name":"Home","item":"https:\/\/www.gaveanews.com\/"},{"@type":"ListItem","position":2,"name":"Sobre n\u00f3s &#8211; quem somos"}]},{"@type":"WebSite","@id":"https:\/\/www.gaveanews.com\/#website","url":"https:\/\/www.gaveanews.com\/","name":"G\u00e1vea News","description":"Veja todas as not\u00edcias sobre o Flamengo: Contrata\u00e7\u00f5es, categorias de base, resultados das partidas, tabela de classifica\u00e7\u00e3o, pr\u00f3ximos jogos!","potentialAction":[{"@type":"SearchAction","target":{"@type":"EntryPoint","urlTemplate":"https:\/\/www.gaveanews.com\/?s={search_term_string}"},"query-input":{"@type":"PropertyValueSpecification","valueRequired":true,"valueName":"search_term_string"}}],"inLanguage":"pt-BR"}]}},"_links":{"self":[{"href":"https:\/\/www.gaveanews.com\/index.php\/wp-json\/wp\/v2\/pages\/270006","targetHints":{"allow":["GET"]}}],"collection":[{"href":"https:\/\/www.gaveanews.com\/index.php\/wp-json\/wp\/v2\/pages"}],"about":[{"href":"https:\/\/www.gaveanews.com\/index.php\/wp-json\/wp\/v2\/types\/page"}],"author":[{"embeddable":true,"href":"https:\/\/www.gaveanews.com\/index.php\/wp-json\/wp\/v2\/users\/1"}],"replies":[{"embeddable":true,"href":"https:\/\/www.gaveanews.com\/index.php\/wp-json\/wp\/v2\/comments?post=270006"}],"version-history":[{"count":4,"href":"https:\/\/www.gaveanews.com\/index.php\/wp-json\/wp\/v2\/pages\/270006\/revisions"}],"predecessor-version":[{"id":270656,"href":"https:\/\/www.gaveanews.com\/index.php\/wp-json\/wp\/v2\/pages\/270006\/revisions\/270656"}],"wp:attachment":[{"href":"https:\/\/www.gaveanews.com\/index.php\/wp-json\/wp\/v2\/media?parent=270006"}],"curies":[{"name":"wp","href":"https:\/\/api.w.org\/{rel}","templated":true}]}}