{"id":273079,"date":"2025-07-28T10:32:14","date_gmt":"2025-07-28T13:32:14","guid":{"rendered":"https:\/\/www.gaveanews.com\/?page_id=273079"},"modified":"2025-08-07T10:42:40","modified_gmt":"2025-08-07T13:42:40","slug":"melhores-casas-de-apostas-brasil","status":"publish","type":"page","link":"https:\/\/www.gaveanews.com\/index.php\/apostas\/melhores-casas-de-apostas-brasil\/","title":{"rendered":"Melhores casas de apostas no Brasil: onde apostar com seguran\u00e7a, dicas e promo\u00e7\u00f5es"},"content":{"rendered":"\n<p>Apostar online nunca foi t\u00e3o seguro, pr\u00e1tico e divertido no Brasil. Nesse sentido, o mercado se consolidou e hoje tem sites regulamentados, com in\u00fameras op\u00e7\u00f5es de mercados e ampla variedade de esportes. Assim, conhe\u00e7a as melhores casas de apostas no pa\u00eds, como se cadastrar e aproveitar os b\u00f4nus e promo\u00e7\u00f5es dispon\u00edveis.&nbsp;<\/p>\n\n\n\n<h2 class=\"wp-block-heading\" id=\"h-por-que-optar-por-casas-de-apostas-regulamentadas\">Por que optar por casas de apostas regulamentadas?<\/h2>\n\n\n\n<p>A legaliza\u00e7\u00e3o das apostas esportivas no Brasil \u00e9 um marco que garante a prote\u00e7\u00e3o e seguran\u00e7a aos usu\u00e1rios. Dessa forma, as melhores casas de apostas t\u00eam licen\u00e7a do governo federal para operar, suporte em portugu\u00eas, m\u00e9todos de pagamento r\u00e1pidos e seguros.&nbsp;<\/p>\n\n\n\n<p>Portanto, o primeiro passo na hora de escolher a melhor plataforma \u00e9 optar por op\u00e7\u00f5es regulamentadas.&nbsp;<\/p>\n\n\n\n<iframe id=\"fresh8\" \nstyle=\"border:none;width:970px;height:250px;\" frameborder=\"0\" scrolling=\"no\"\nsrc=\"about:blank\"\nonload=\"this.onload=function(){};\nthis.src='https:\/\/iframe.fresh8.co\/6880b92abf9118349c683081\/adtag?'+\n'ref='+ encodeURIComponent(window.location.href) +'&#038;'+\n'ord=%%CACHEBUSTER%%&#038;'+\n'clickUrl=%%CLICK_URL_ESC%%&#038;'+\n''\"><\/iframe>\n<script src=\"https:\/\/iframe.fresh8.co\/6880b92abf9118349c683081\/adtag.js\"><\/script>\n\n\n\n<h2 class=\"wp-block-heading\" id=\"h-melhores-casas-de-apostas-no-brasil\">Melhores casas de apostas no Brasil<\/h2>\n\n\n\n<p>Atualmente, existem in\u00fameras op\u00e7\u00f5es de apostas online dispon\u00edveis no Brasil. Assim, vale a pena levar em considera\u00e7\u00e3o as caracter\u00edsticas de cada uma delas e escolher a que mais encaixa no seu perfil.&nbsp;<\/p>\n\n\n\n<p>Entre as alternativas, a <a href=\"https:\/\/www.bet365.bet.br\/olp\/open-account?affiliate=365_03781530\" target=\"_blank\" rel=\"noreferrer noopener\">Bet365 \u00e9 um dos principais destaques<\/a>. Nesse sentido, ela se encaixa no primeiro quesito, possui regulamenta\u00e7\u00e3o do governo federal para atuar no pa\u00eds. Al\u00e9m disso, conta com uma variedade extensa de mercados e esportes dispon\u00edveis.&nbsp;<\/p>\n\n\n\n<p>Como resultado, a cobertura de campeonatos internacionais e nacionais \u00e9 excelente, tanto em futebol quanto em outros esportes populares, como basquete, t\u00eanis, esportes eletr\u00f4nicos, lutas e futebol americano.&nbsp;<\/p>\n\n\n\n<p>De forma similar, a plataforma \u00e9 uma das melhores op\u00e7\u00f5es quando o assunto \u00e9 promo\u00e7\u00f5es e funcionalidades. Assim, oferece pagamento antecipado, cota\u00e7\u00f5es aumentadas, abandono garantido em partidas de t\u00eanis, apostas m\u00faltiplas com b\u00f4nus no pagamento, pr\u00eamios em dinheiro e muito mais.<\/p>\n\n\n<div class=\"wp-block-image\">\n<figure class=\"aligncenter size-large\"><a href=\"https:\/\/www.bet365.bet.br\/olp\/open-account?affiliate=365_03781530\" target=\"_blank\" rel=\" noreferrer noopener\"><img loading=\"lazy\" decoding=\"async\" width=\"1024\" height=\"486\" src=\"https:\/\/www.gaveanews.com\/wp-content\/uploads\/Captura-de-tela-2025-07-21-143214-1024x486.png\" alt=\"BONUS-E-PROMOCOES-APOSTAS-ESPORTIVAS-BET365\" class=\"wp-image-272795\" srcset=\"https:\/\/www.gaveanews.com\/wp-content\/uploads\/Captura-de-tela-2025-07-21-143214-1024x486.png 1024w, https:\/\/www.gaveanews.com\/wp-content\/uploads\/Captura-de-tela-2025-07-21-143214-300x143.png 300w, https:\/\/www.gaveanews.com\/wp-content\/uploads\/Captura-de-tela-2025-07-21-143214-768x365.png 768w, https:\/\/www.gaveanews.com\/wp-content\/uploads\/Captura-de-tela-2025-07-21-143214-884x420.png 884w, https:\/\/www.gaveanews.com\/wp-content\/uploads\/Captura-de-tela-2025-07-21-143214-640x304.png 640w, https:\/\/www.gaveanews.com\/wp-content\/uploads\/Captura-de-tela-2025-07-21-143214-681x324.png 681w, https:\/\/www.gaveanews.com\/wp-content\/uploads\/Captura-de-tela-2025-07-21-143214-100x48.png 100w, https:\/\/www.gaveanews.com\/wp-content\/uploads\/Captura-de-tela-2025-07-21-143214.png 1204w\" sizes=\"auto, (max-width: 1024px) 100vw, 1024px\" \/><\/a><figcaption class=\"wp-element-caption\"><em>Pagamento antecipado na Bet365<\/em><\/figcaption><\/figure>\n<\/div>\n\n\n<p>Outra op\u00e7\u00e3o que vem crescendo no ramo \u00e9 a Esportes da Sorte. A plataforma foi criada especialmente para o Brasil e se destaca com odds competitivas, <a href=\"https:\/\/go.aff.esportesdasorte.bet.br\/h8mvy12q?campaign_id=23930\" target=\"_blank\" rel=\"noreferrer noopener\">apostas gr\u00e1tis<\/a>, retornos maiores em apostas combinadas e suporte completo feito por brasileiros.&nbsp;<\/p>\n\n\n\n<p>Nesse sentido, suas apostas a partir de tr\u00eas sele\u00e7\u00f5es automaticamente valem mais. Ou seja, se gosta de apostar em sele\u00e7\u00f5es m\u00faltiplas, a Esportes da Sorte com certeza vale entrar no seu radar.&nbsp;<\/p>\n\n\n\n<p>Al\u00e9m disso, o site oferece op\u00e7\u00f5es de apostas para ligas nacionais e regionais, sendo uma <a href=\"https:\/\/www.gaveanews.com\/index.php\/2025\/07\/21\/esportes-da-sorte-review\/\" target=\"_blank\" rel=\"noreferrer noopener\">\u00f3tima op\u00e7\u00e3o para palpites em campeonatos de menor express\u00e3o<\/a>.&nbsp;<\/p>\n\n\n<div class=\"wp-block-image\">\n<figure class=\"aligncenter size-large\"><img loading=\"lazy\" decoding=\"async\" width=\"1024\" height=\"491\" src=\"https:\/\/www.gaveanews.com\/wp-content\/uploads\/Captura-de-tela-2025-07-21-144140-1024x491.png\" alt=\"APOSTAS-GRATIS-ONLINE-ESPORTES-DA-SORTE\" class=\"wp-image-272797\" srcset=\"https:\/\/www.gaveanews.com\/wp-content\/uploads\/Captura-de-tela-2025-07-21-144140-1024x491.png 1024w, https:\/\/www.gaveanews.com\/wp-content\/uploads\/Captura-de-tela-2025-07-21-144140-300x144.png 300w, https:\/\/www.gaveanews.com\/wp-content\/uploads\/Captura-de-tela-2025-07-21-144140-768x369.png 768w, https:\/\/www.gaveanews.com\/wp-content\/uploads\/Captura-de-tela-2025-07-21-144140-875x420.png 875w, https:\/\/www.gaveanews.com\/wp-content\/uploads\/Captura-de-tela-2025-07-21-144140-640x307.png 640w, https:\/\/www.gaveanews.com\/wp-content\/uploads\/Captura-de-tela-2025-07-21-144140-681x327.png 681w, https:\/\/www.gaveanews.com\/wp-content\/uploads\/Captura-de-tela-2025-07-21-144140-100x48.png 100w, https:\/\/www.gaveanews.com\/wp-content\/uploads\/Captura-de-tela-2025-07-21-144140.png 1217w\" sizes=\"auto, (max-width: 1024px) 100vw, 1024px\" \/><figcaption class=\"wp-element-caption\"><em>Apostas gr\u00e1tis em futebol na Esportes da Sorte<\/em><\/figcaption><\/figure>\n<\/div>\n\n\n<p>A H2Bet \u00e9 uma das casas de apostas que oferecem um ambiente seguro, plataforma intuitiva e variedade de esportes e jogos de cassino. Com licen\u00e7a para operar, destaca-se pelos recursos modernos, incluindo m\u00e9todos r\u00e1pidos de pagamento como pix e promo\u00e7\u00f5es frequentes.&nbsp;<\/p>\n\n\n\n<p>Al\u00e9m disso, a H2Bet oferece cash out, criar aposta e aplicativo pr\u00f3prio para facilitar a experi\u00eancia do usu\u00e1rio. Suas parcerias com grandes nomes do esporte refor\u00e7am a credibilidade da marca, tornando-a uma excelente op\u00e7\u00e3o para quem busca apostar com praticidade e seguran\u00e7a.&nbsp;<\/p>\n\n\n\n<h2 class=\"wp-block-heading\" id=\"h-como-escolher-a-melhor-casa-de-apostas\">Como escolher a melhor casa de apostas?<\/h2>\n\n\n\n<p>Para escolher a melhor plataforma para apostar online, leve em considera\u00e7\u00e3o os recursos dispon\u00edveis e como eles se adaptam \u00e0s suas necessidades.&nbsp;<\/p>\n\n\n\n<p>Dessa forma, navegue pelas op\u00e7\u00f5es de esportes, mercados ofertados, promo\u00e7\u00f5es como apostas gr\u00e1tis, disponibilidade de streaming dos eventos esportivos, op\u00e7\u00f5es avan\u00e7adas de criar apostas e cash out.<\/p>\n\n\n\n<iframe id=\"fresh8\"\nstyle=\"border:none;width:970px;height:250px;\" frameborder=\"0\" scrolling=\"no\"\nsrc=\"about:blank\"\nonload=\"this.onload=function(){};\nthis.src='https:\/\/iframe.fresh8.co\/682204eabb9d74e99772a48a\/adtag?'+\n'ref='+ encodeURIComponent(window.location.href) +'&#038;'+\n'ord=%%CACHEBUSTER%%&#038;'+\n'clickUrl=%%CLICK_URL_ESC%%&#038;'+\n''\"><\/iframe>\n<script src=\"https:\/\/iframe.fresh8.co\/682204eabb9d74e99772a48a\/adtag.js\"><\/script>\n\n\n\n<p>Al\u00e9m disso, d\u00ea prioridade para:&nbsp;<\/p>\n\n\n\n<ul class=\"wp-block-list\">\n<li>Licen\u00e7a nacional e seguran\u00e7a dos dados.<\/li>\n\n\n\n<li>Boa reputa\u00e7\u00e3o em plataformas independentes.<\/li>\n\n\n\n<li>M\u00e9todos de dep\u00f3sito e saque pr\u00e1ticos, como Pix.<\/li>\n\n\n\n<li>Promo\u00e7\u00f5es e atendimento r\u00e1pido.&nbsp;<\/li>\n<\/ul>\n\n\n\n<p>Abaixo, confira as melhores op\u00e7\u00f5es dispon\u00edveis com licen\u00e7a para operar no Brasil:&nbsp;<\/p>\n\n\n\n<figure class=\"wp-block-table is-style-stripes\"><table class=\"has-fixed-layout\"><tbody><tr><td><strong>Plataforma<\/strong><\/td><td><strong>Destaques<\/strong><\/td><\/tr><tr><td><strong><a href=\"https:\/\/www.bet365.bet.br\/olp\/open-account?affiliate=365_03781530\" target=\"_blank\" rel=\"noreferrer noopener\">Bet365<\/a><\/strong><\/td><td>Pagamento antecipado, substitui\u00e7\u00e3o +, odds altas, cobertura completa de mercados e esportes, clube Bet365 e streaming ao vivo<\/td><\/tr><tr><td><strong><a href=\"https:\/\/go.aff.esportesdasorte.bet.br\/h8mvy12q?campaign_id=23930\" target=\"_blank\" rel=\"noreferrer noopener\">Esportes da Sorte<\/a><\/strong><\/td><td>Apostas gr\u00e1tis, cobertura completa de esportes, odds altas e b\u00f4nus em apostas m\u00faltiplas<\/td><\/tr><tr><td><strong>H2Bet<\/strong><\/td><td>Fun\u00e7\u00f5es de criar apostas, cobertura completa de esportes e cassino<\/td><\/tr><tr><td><strong>Betano<\/strong><\/td><td>Pagamento antecipado, miss\u00f5es, clube Betano, b\u00f4nus acumulador e garantia de substitui\u00e7\u00e3o antes do intervalo<\/td><\/tr><tr><td><strong>Superbet<\/strong><\/td><td>Pagamento antecipado, b\u00f4nus acumulador, substitui\u00e7\u00e3o antes do intervalo e streaming ao vivo<\/td><\/tr><tr><td><strong>Sportingbet<\/strong><\/td><td>Cobertura completa em futebol, interface intuitiva e odds aumentadas em eventos selecionados<\/td><\/tr><tr><td><strong>Betnacional<\/strong><\/td><td>Superodds, giros e rodadas gr\u00e1tis, dep\u00f3sitos acess\u00edveis e cashback<\/td><\/tr><tr><td><strong>Novibet<\/strong><\/td><td>Superodds, pagamento antecipado, promo\u00e7\u00f5es, golden sub, combo bet com prote\u00e7\u00e3o<\/td><\/tr><tr><td><strong>KTO<\/strong><\/td><td>Saques r\u00e1pidos, cria\u00e7\u00e3o de apostas personalizadas, cash out e promo\u00e7\u00f5es frequentes<\/td><\/tr><tr><td><strong>Betfair<\/strong><\/td><td>Exchange, streaming ao vivo e odds competitivas<\/td><\/tr><tr><td><strong>Stake<\/strong><\/td><td>Cobertura completa em esportes eletr\u00f4nicos<\/td><\/tr><tr><td><strong>BetMGM<\/strong><\/td><td>Odds competitivas, promo\u00e7\u00f5es regulares, cassino com jogos exclusivos e cash out<\/td><\/tr><\/tbody><\/table><\/figure>\n\n\n\n<h2 class=\"wp-block-heading\" id=\"d-o-primeiro-passo-cadastre-se-e-aposte\">D\u00ea o Primeiro Passo: Cadastre-se e Aposte<\/h2>\n\n\n\n<p>Se voc\u00ea busca as melhores experi\u00eancias de apostas esportivas,&nbsp;fa\u00e7a escolhas em plataformas comprovadas. Assim, aproveite as vantagens dos sites, ganhe b\u00f4nus e tenha acesso a mercados exclusivos. Cadastre-se hoje mesmo e eleve sua paix\u00e3o pelo esporte ao pr\u00f3ximo n\u00edvel.<\/p>\n\n\n\n<p><\/p>\n","protected":false},"excerpt":{"rendered":"<p>Apostar online nunca foi t\u00e3o seguro, pr\u00e1tico e divertido no Brasil. Nesse sentido, o mercado se consolidou e hoje tem sites regulamentados, com in\u00fameras op\u00e7\u00f5es de mercados e ampla variedade de esportes. Assim, conhe\u00e7a as melhores casas de apostas no pa\u00eds, como se cadastrar e aproveitar os b\u00f4nus e promo\u00e7\u00f5es dispon\u00edveis.&nbsp; Por que optar por [&hellip;]<\/p>\n","protected":false},"author":35,"featured_media":272798,"parent":272769,"menu_order":0,"comment_status":"closed","ping_status":"closed","template":"","meta":{"footnotes":""},"class_list":["post-273079","page","type-page","status-publish","has-post-thumbnail","hentry"],"yoast_head":"<!-- This site is optimized with the Yoast SEO Premium plugin v24.2 (Yoast SEO v26.9) - https:\/\/yoast.com\/product\/yoast-seo-premium-wordpress\/ -->\n<title>Melhores casas de apostas: sites seguros, mercados e promo\u00e7\u00f5es<\/title>\n<meta name=\"description\" content=\"Descubra as melhores casas de apostas no Brasil, levando em considera\u00e7\u00e3o seguran\u00e7a, b\u00f4nus, fun\u00e7\u00f5es, mercados e esportes dispon\u00edveis.\" \/>\n<meta name=\"robots\" content=\"index, follow, max-snippet:-1, max-image-preview:large, max-video-preview:-1\" \/>\n<link rel=\"canonical\" href=\"https:\/\/www.gaveanews.com\/index.php\/apostas\/melhores-casas-de-apostas-brasil\/\" \/>\n<meta property=\"og:locale\" content=\"pt_BR\" \/>\n<meta property=\"og:type\" content=\"article\" \/>\n<meta property=\"og:title\" content=\"Melhores casas de apostas no Brasil: onde apostar com seguran\u00e7a, dicas e promo\u00e7\u00f5es\" \/>\n<meta property=\"og:description\" content=\"Descubra as melhores casas de apostas no Brasil, levando em considera\u00e7\u00e3o seguran\u00e7a, b\u00f4nus, fun\u00e7\u00f5es, mercados e esportes dispon\u00edveis.\" \/>\n<meta property=\"og:url\" content=\"https:\/\/www.gaveanews.com\/index.php\/apostas\/melhores-casas-de-apostas-brasil\/\" \/>\n<meta property=\"og:site_name\" content=\"G\u00e1vea News\" \/>\n<meta property=\"article:publisher\" content=\"https:\/\/facebook.com\/gaveaNews\/\" \/>\n<meta property=\"article:modified_time\" content=\"2025-08-07T13:42:40+00:00\" \/>\n<meta property=\"og:image\" content=\"http:\/\/www.gaveanews.com\/wp-content\/uploads\/Melhores-casas-de-apostas-no-Brasil-1024x683.png\" \/>\n\t<meta property=\"og:image:width\" content=\"1024\" \/>\n\t<meta property=\"og:image:height\" content=\"683\" \/>\n\t<meta property=\"og:image:type\" content=\"image\/png\" \/>\n<meta name=\"twitter:card\" content=\"summary_large_image\" \/>\n<meta name=\"twitter:label1\" content=\"Est. tempo de leitura\" \/>\n\t<meta name=\"twitter:data1\" content=\"5 minutos\" \/>\n<script type=\"application\/ld+json\" class=\"yoast-schema-graph\">{\"@context\":\"https:\/\/schema.org\",\"@graph\":[{\"@type\":\"WebPage\",\"@id\":\"https:\/\/www.gaveanews.com\/index.php\/apostas\/melhores-casas-de-apostas-brasil\/\",\"url\":\"https:\/\/www.gaveanews.com\/index.php\/apostas\/melhores-casas-de-apostas-brasil\/\",\"name\":\"Melhores casas de apostas: sites seguros, mercados e promo\u00e7\u00f5es\",\"isPartOf\":{\"@id\":\"https:\/\/www.gaveanews.com\/#website\"},\"primaryImageOfPage\":{\"@id\":\"https:\/\/www.gaveanews.com\/index.php\/apostas\/melhores-casas-de-apostas-brasil\/#primaryimage\"},\"image\":{\"@id\":\"https:\/\/www.gaveanews.com\/index.php\/apostas\/melhores-casas-de-apostas-brasil\/#primaryimage\"},\"thumbnailUrl\":\"https:\/\/www.gaveanews.com\/wp-content\/uploads\/Melhores-casas-de-apostas-no-Brasil.png\",\"datePublished\":\"2025-07-28T13:32:14+00:00\",\"dateModified\":\"2025-08-07T13:42:40+00:00\",\"description\":\"Descubra as melhores casas de apostas no Brasil, levando em considera\u00e7\u00e3o seguran\u00e7a, b\u00f4nus, fun\u00e7\u00f5es, mercados e esportes dispon\u00edveis.\",\"breadcrumb\":{\"@id\":\"https:\/\/www.gaveanews.com\/index.php\/apostas\/melhores-casas-de-apostas-brasil\/#breadcrumb\"},\"inLanguage\":\"pt-BR\",\"potentialAction\":[{\"@type\":\"ReadAction\",\"target\":[\"https:\/\/www.gaveanews.com\/index.php\/apostas\/melhores-casas-de-apostas-brasil\/\"]}]},{\"@type\":\"ImageObject\",\"inLanguage\":\"pt-BR\",\"@id\":\"https:\/\/www.gaveanews.com\/index.php\/apostas\/melhores-casas-de-apostas-brasil\/#primaryimage\",\"url\":\"https:\/\/www.gaveanews.com\/wp-content\/uploads\/Melhores-casas-de-apostas-no-Brasil.png\",\"contentUrl\":\"https:\/\/www.gaveanews.com\/wp-content\/uploads\/Melhores-casas-de-apostas-no-Brasil.png\",\"width\":1536,\"height\":1024,\"caption\":\"MELHORES-CASAS-DE-APOSTAS-ONLINE-NO-BRASIL\"},{\"@type\":\"BreadcrumbList\",\"@id\":\"https:\/\/www.gaveanews.com\/index.php\/apostas\/melhores-casas-de-apostas-brasil\/#breadcrumb\",\"itemListElement\":[{\"@type\":\"ListItem\",\"position\":1,\"name\":\"Home\",\"item\":\"https:\/\/www.gaveanews.com\/\"},{\"@type\":\"ListItem\",\"position\":2,\"name\":\"Apostas\",\"item\":\"https:\/\/www.gaveanews.com\/index.php\/apostas\/\"},{\"@type\":\"ListItem\",\"position\":3,\"name\":\"Melhores casas de apostas no Brasil: onde apostar com seguran\u00e7a, dicas e promo\u00e7\u00f5es\"}]},{\"@type\":\"WebSite\",\"@id\":\"https:\/\/www.gaveanews.com\/#website\",\"url\":\"https:\/\/www.gaveanews.com\/\",\"name\":\"G\u00e1vea News\",\"description\":\"Veja todas as not\u00edcias sobre o Flamengo: Contrata\u00e7\u00f5es, categorias de base, resultados das partidas, tabela de classifica\u00e7\u00e3o, pr\u00f3ximos jogos!\",\"potentialAction\":[{\"@type\":\"SearchAction\",\"target\":{\"@type\":\"EntryPoint\",\"urlTemplate\":\"https:\/\/www.gaveanews.com\/?s={search_term_string}\"},\"query-input\":{\"@type\":\"PropertyValueSpecification\",\"valueRequired\":true,\"valueName\":\"search_term_string\"}}],\"inLanguage\":\"pt-BR\"}]}<\/script>\n<!-- \/ Yoast SEO Premium plugin. -->","yoast_head_json":{"title":"Melhores casas de apostas: sites seguros, mercados e promo\u00e7\u00f5es","description":"Descubra as melhores casas de apostas no Brasil, levando em considera\u00e7\u00e3o seguran\u00e7a, b\u00f4nus, fun\u00e7\u00f5es, mercados e esportes dispon\u00edveis.","robots":{"index":"index","follow":"follow","max-snippet":"max-snippet:-1","max-image-preview":"max-image-preview:large","max-video-preview":"max-video-preview:-1"},"canonical":"https:\/\/www.gaveanews.com\/index.php\/apostas\/melhores-casas-de-apostas-brasil\/","og_locale":"pt_BR","og_type":"article","og_title":"Melhores casas de apostas no Brasil: onde apostar com seguran\u00e7a, dicas e promo\u00e7\u00f5es","og_description":"Descubra as melhores casas de apostas no Brasil, levando em considera\u00e7\u00e3o seguran\u00e7a, b\u00f4nus, fun\u00e7\u00f5es, mercados e esportes dispon\u00edveis.","og_url":"https:\/\/www.gaveanews.com\/index.php\/apostas\/melhores-casas-de-apostas-brasil\/","og_site_name":"G\u00e1vea News","article_publisher":"https:\/\/facebook.com\/gaveaNews\/","article_modified_time":"2025-08-07T13:42:40+00:00","og_image":[{"width":1024,"height":683,"url":"http:\/\/www.gaveanews.com\/wp-content\/uploads\/Melhores-casas-de-apostas-no-Brasil-1024x683.png","type":"image\/png"}],"twitter_card":"summary_large_image","twitter_misc":{"Est. tempo de leitura":"5 minutos"},"schema":{"@context":"https:\/\/schema.org","@graph":[{"@type":"WebPage","@id":"https:\/\/www.gaveanews.com\/index.php\/apostas\/melhores-casas-de-apostas-brasil\/","url":"https:\/\/www.gaveanews.com\/index.php\/apostas\/melhores-casas-de-apostas-brasil\/","name":"Melhores casas de apostas: sites seguros, mercados e promo\u00e7\u00f5es","isPartOf":{"@id":"https:\/\/www.gaveanews.com\/#website"},"primaryImageOfPage":{"@id":"https:\/\/www.gaveanews.com\/index.php\/apostas\/melhores-casas-de-apostas-brasil\/#primaryimage"},"image":{"@id":"https:\/\/www.gaveanews.com\/index.php\/apostas\/melhores-casas-de-apostas-brasil\/#primaryimage"},"thumbnailUrl":"https:\/\/www.gaveanews.com\/wp-content\/uploads\/Melhores-casas-de-apostas-no-Brasil.png","datePublished":"2025-07-28T13:32:14+00:00","dateModified":"2025-08-07T13:42:40+00:00","description":"Descubra as melhores casas de apostas no Brasil, levando em considera\u00e7\u00e3o seguran\u00e7a, b\u00f4nus, fun\u00e7\u00f5es, mercados e esportes dispon\u00edveis.","breadcrumb":{"@id":"https:\/\/www.gaveanews.com\/index.php\/apostas\/melhores-casas-de-apostas-brasil\/#breadcrumb"},"inLanguage":"pt-BR","potentialAction":[{"@type":"ReadAction","target":["https:\/\/www.gaveanews.com\/index.php\/apostas\/melhores-casas-de-apostas-brasil\/"]}]},{"@type":"ImageObject","inLanguage":"pt-BR","@id":"https:\/\/www.gaveanews.com\/index.php\/apostas\/melhores-casas-de-apostas-brasil\/#primaryimage","url":"https:\/\/www.gaveanews.com\/wp-content\/uploads\/Melhores-casas-de-apostas-no-Brasil.png","contentUrl":"https:\/\/www.gaveanews.com\/wp-content\/uploads\/Melhores-casas-de-apostas-no-Brasil.png","width":1536,"height":1024,"caption":"MELHORES-CASAS-DE-APOSTAS-ONLINE-NO-BRASIL"},{"@type":"BreadcrumbList","@id":"https:\/\/www.gaveanews.com\/index.php\/apostas\/melhores-casas-de-apostas-brasil\/#breadcrumb","itemListElement":[{"@type":"ListItem","position":1,"name":"Home","item":"https:\/\/www.gaveanews.com\/"},{"@type":"ListItem","position":2,"name":"Apostas","item":"https:\/\/www.gaveanews.com\/index.php\/apostas\/"},{"@type":"ListItem","position":3,"name":"Melhores casas de apostas no Brasil: onde apostar com seguran\u00e7a, dicas e promo\u00e7\u00f5es"}]},{"@type":"WebSite","@id":"https:\/\/www.gaveanews.com\/#website","url":"https:\/\/www.gaveanews.com\/","name":"G\u00e1vea News","description":"Veja todas as not\u00edcias sobre o Flamengo: Contrata\u00e7\u00f5es, categorias de base, resultados das partidas, tabela de classifica\u00e7\u00e3o, pr\u00f3ximos jogos!","potentialAction":[{"@type":"SearchAction","target":{"@type":"EntryPoint","urlTemplate":"https:\/\/www.gaveanews.com\/?s={search_term_string}"},"query-input":{"@type":"PropertyValueSpecification","valueRequired":true,"valueName":"search_term_string"}}],"inLanguage":"pt-BR"}]}},"_links":{"self":[{"href":"https:\/\/www.gaveanews.com\/index.php\/wp-json\/wp\/v2\/pages\/273079","targetHints":{"allow":["GET"]}}],"collection":[{"href":"https:\/\/www.gaveanews.com\/index.php\/wp-json\/wp\/v2\/pages"}],"about":[{"href":"https:\/\/www.gaveanews.com\/index.php\/wp-json\/wp\/v2\/types\/page"}],"author":[{"embeddable":true,"href":"https:\/\/www.gaveanews.com\/index.php\/wp-json\/wp\/v2\/users\/35"}],"replies":[{"embeddable":true,"href":"https:\/\/www.gaveanews.com\/index.php\/wp-json\/wp\/v2\/comments?post=273079"}],"version-history":[{"count":6,"href":"https:\/\/www.gaveanews.com\/index.php\/wp-json\/wp\/v2\/pages\/273079\/revisions"}],"predecessor-version":[{"id":273726,"href":"https:\/\/www.gaveanews.com\/index.php\/wp-json\/wp\/v2\/pages\/273079\/revisions\/273726"}],"up":[{"embeddable":true,"href":"https:\/\/www.gaveanews.com\/index.php\/wp-json\/wp\/v2\/pages\/272769"}],"wp:featuredmedia":[{"embeddable":true,"href":"https:\/\/www.gaveanews.com\/index.php\/wp-json\/wp\/v2\/media\/272798"}],"wp:attachment":[{"href":"https:\/\/www.gaveanews.com\/index.php\/wp-json\/wp\/v2\/media?parent=273079"}],"curies":[{"name":"wp","href":"https:\/\/api.w.org\/{rel}","templated":true}]}}